{"id":19734,"date":"2023-11-28T22:08:35","date_gmt":"2023-11-28T21:08:35","guid":{"rendered":"https:\/\/cubic-design.fr\/?page_id=19734"},"modified":"2023-11-28T22:08:39","modified_gmt":"2023-11-28T21:08:39","slug":"mentions-legales","status":"publish","type":"page","link":"https:\/\/cubic-design.fr\/index.php\/mentions-legales\/","title":{"rendered":"Mentions L\u00e9gales"},"content":{"rendered":"\n<p>Sabine MARIE est \u00e0 votre disposition pour toutes remarques ou suggestions.<\/p>\n\n\n\n<p>\u200b<\/p>\n\n\n\n<p>Sabine MARIE 50 Roussis 87310 Cognac la for\u00eat &#8211; France<\/p>\n\n\n\n<p>T\u00e9l. 33 (0)6 63 47 32 31 \u2013 sabine.marie3@gmail.com<\/p>\n\n\n\n<p>N\u00b0 Siret : 50814498700056<\/p>\n\n\n\n<p>\u200b<\/p>\n\n\n\n<p>Droits et devoirs des utilisateurs<\/p>\n\n\n\n<p>Les informations diffus\u00e9es sur le site www.cubic-design.fr sont la propri\u00e9t\u00e9 de l&rsquo;entreprise de Sabine MARIE. Toute copie totale ou partielle ne peut se faire sans l&rsquo;accord de l&rsquo;entreprise de Sabine MARIE. Les utilisateurs sont responsables des interrogations qu&rsquo;ils formulent ainsi que de l&rsquo;interpr\u00e9tation et de l&rsquo;utilisation qu&rsquo;ils font des r\u00e9sultats.<\/p>\n\n\n\n<p>\u200b<\/p>\n\n\n\n<p>La mise en place de liens hypertextes par des tiers vers des pages ou des documents diffus\u00e9s sur ce site, pouvant de fait constituer une atteinte au droit d&rsquo;auteur, un acte relevant du parasitisme ou de la diffamation, elle doit faire l&rsquo;objet d&rsquo;une autorisation de l&rsquo;entreprise de Sabine MARIE, qui peut \u00eatre sollicit\u00e9e directement aupr\u00e8s de l&rsquo;administrateur du site. L&rsquo;autorisation correspondante sera accord\u00e9e si les liens ne contreviennent pas aux int\u00e9r\u00eats de Sabine MARIE et, s&rsquo;ils garantissent la possibilit\u00e9 pour l&rsquo;utilisateur d&rsquo;identifier l&rsquo;origine de Sabine MARIE sur le document, notamment dans le cas de liens hypertextes profonds, de cadrage ou d&rsquo;insertion par liens.<\/p>\n\n\n\n<p>\u200b<\/p>\n\n\n\n<p>Droit applicable<\/p>\n\n\n\n<p>Les pr\u00e9sentes Mentions L\u00e9gales sont soumises au droit interne fran\u00e7ais. La langue des Mentions L\u00e9gales est la langue fran\u00e7aise. En cas de litige, les tribunaux fran\u00e7ais seront seuls comp\u00e9tents.<\/p>\n","protected":false},"excerpt":{"rendered":"<p>Sabine MARIE est \u00e0 votre disposition pour toutes remarques ou suggestions. \u200b Sabine MARIE 50 Roussis 87310 Cognac la for\u00eat &#8211; France T\u00e9l. 33 (0)6 63 47 32 31 \u2013 sabine.marie3@gmail.com N\u00b0 Siret : 50814498700056 \u200b Droits et devoirs des&#8230; <a class=\"direadmore\" href=\"https:\/\/cubic-design.fr\/index.php\/mentions-legales\/\"> Continue Reading&#8230;<\/a><\/p>\n","protected":false},"author":1,"featured_media":0,"parent":0,"menu_order":0,"comment_status":"closed","ping_status":"closed","template":"","meta":{"footnotes":""},"class_list":["post-19734","page","type-page","status-publish","hentry"],"jetpack_sharing_enabled":true,"jetpack_shortlink":"https:\/\/wp.me\/PmIvp-58i","_links":{"self":[{"href":"https:\/\/cubic-design.fr\/index.php\/wp-json\/wp\/v2\/pages\/19734","targetHints":{"allow":["GET"]}}],"collection":[{"href":"https:\/\/cubic-design.fr\/index.php\/wp-json\/wp\/v2\/pages"}],"about":[{"href":"https:\/\/cubic-design.fr\/index.php\/wp-json\/wp\/v2\/types\/page"}],"author":[{"embeddable":true,"href":"https:\/\/cubic-design.fr\/index.php\/wp-json\/wp\/v2\/users\/1"}],"replies":[{"embeddable":true,"href":"https:\/\/cubic-design.fr\/index.php\/wp-json\/wp\/v2\/comments?post=19734"}],"version-history":[{"count":1,"href":"https:\/\/cubic-design.fr\/index.php\/wp-json\/wp\/v2\/pages\/19734\/revisions"}],"predecessor-version":[{"id":19736,"href":"https:\/\/cubic-design.fr\/index.php\/wp-json\/wp\/v2\/pages\/19734\/revisions\/19736"}],"wp:attachment":[{"href":"https:\/\/cubic-design.fr\/index.php\/wp-json\/wp\/v2\/media?parent=19734"}],"curies":[{"name":"wp","href":"https:\/\/api.w.org\/{rel}","templated":true}]}}