{"id":169,"date":"2019-12-03T17:52:37","date_gmt":"2019-12-03T16:52:37","guid":{"rendered":"http:\/\/cubic-design.fr\/?post_type=product&#038;p=169"},"modified":"2023-11-27T20:12:59","modified_gmt":"2023-11-27T19:12:59","slug":"boucles-origami-rouge-mini-fleur","status":"publish","type":"product","link":"https:\/\/cubic-design.fr\/index.php\/produit\/boucles-origami-rouge-mini-fleur\/","title":{"rendered":"Boucles origami rouge mini fleur"},"content":{"rendered":"","protected":false},"excerpt":{"rendered":"<p>Boucle origami en forme de grue r\u00e9alis\u00e9 dans du papier artisanal et mont\u00e9 sur un crochet plaqu\u00e9 argent 925 pour \u00e9viter tout risque allergique.<\/p>\n","protected":false},"featured_media":170,"template":"","meta":{"jetpack_publicize_message":"","jetpack_is_tweetstorm":false,"jetpack_publicize_feature_enabled":true,"jetpack_social_post_already_shared":false,"jetpack_social_options":{"image_generator_settings":{"template":"highway","enabled":false}}},"class_list":{"0":"post-169","1":"product","2":"type-product","3":"status-publish","4":"has-post-thumbnail","6":"product_cat-boucles-doreilles-mini","7":"product_tag-bijoux","8":"product_tag-boucles","9":"product_tag-grue","10":"product_tag-oreilles","11":"product_tag-origami","12":"product_tag-rouge","14":"first","15":"outofstock","16":"taxable","17":"shipping-taxable","18":"purchasable","19":"product-type-simple"},"jetpack_publicize_connections":[],"jetpack_sharing_enabled":true,"_links":{"self":[{"href":"https:\/\/cubic-design.fr\/index.php\/wp-json\/wp\/v2\/product\/169","targetHints":{"allow":["GET"]}}],"collection":[{"href":"https:\/\/cubic-design.fr\/index.php\/wp-json\/wp\/v2\/product"}],"about":[{"href":"https:\/\/cubic-design.fr\/index.php\/wp-json\/wp\/v2\/types\/product"}],"version-history":[{"count":1,"href":"https:\/\/cubic-design.fr\/index.php\/wp-json\/wp\/v2\/product\/169\/revisions"}],"predecessor-version":[{"id":171,"href":"https:\/\/cubic-design.fr\/index.php\/wp-json\/wp\/v2\/product\/169\/revisions\/171"}],"wp:featuredmedia":[{"embeddable":true,"href":"https:\/\/cubic-design.fr\/index.php\/wp-json\/wp\/v2\/media\/170"}],"wp:attachment":[{"href":"https:\/\/cubic-design.fr\/index.php\/wp-json\/wp\/v2\/media?parent=169"}],"curies":[{"name":"wp","href":"https:\/\/api.w.org\/{rel}","templated":true}]}}