{"id":179,"date":"2019-12-03T19:18:23","date_gmt":"2019-12-03T18:18:23","guid":{"rendered":"http:\/\/cubic-design.fr\/?post_type=product&#038;p=179"},"modified":"2023-11-27T20:12:59","modified_gmt":"2023-11-27T19:12:59","slug":"boucles-origami-rouge-soleil-dore","status":"publish","type":"product","link":"https:\/\/cubic-design.fr\/index.php\/produit\/boucles-origami-rouge-soleil-dore\/","title":{"rendered":"Boucles origami rouge soleil dor\u00e9"},"content":{"rendered":"","protected":false},"excerpt":{"rendered":"<p>Boucle origami en forme de grue r\u00e9alis\u00e9 dans du papier artisanal et mont\u00e9 sur un crochet plaqu\u00e9 argent 925 pour \u00e9viter tout risque allergique.<\/p>\n","protected":false},"featured_media":180,"template":"","meta":{"jetpack_publicize_message":"","jetpack_is_tweetstorm":false,"jetpack_publicize_feature_enabled":true,"jetpack_social_post_already_shared":false,"jetpack_social_options":{"image_generator_settings":{"template":"highway","enabled":false}}},"class_list":{"0":"post-179","1":"product","2":"type-product","3":"status-publish","4":"has-post-thumbnail","6":"product_cat-boucles-doreilles-mini","7":"product_tag-bijoux","8":"product_tag-boucles","9":"product_tag-dore","10":"product_tag-grue","11":"product_tag-oreilles","12":"product_tag-origami","13":"product_tag-rouge","15":"first","16":"outofstock","17":"taxable","18":"shipping-taxable","19":"purchasable","20":"product-type-simple"},"jetpack_publicize_connections":[],"jetpack_sharing_enabled":true,"_links":{"self":[{"href":"https:\/\/cubic-design.fr\/index.php\/wp-json\/wp\/v2\/product\/179","targetHints":{"allow":["GET"]}}],"collection":[{"href":"https:\/\/cubic-design.fr\/index.php\/wp-json\/wp\/v2\/product"}],"about":[{"href":"https:\/\/cubic-design.fr\/index.php\/wp-json\/wp\/v2\/types\/product"}],"version-history":[{"count":1,"href":"https:\/\/cubic-design.fr\/index.php\/wp-json\/wp\/v2\/product\/179\/revisions"}],"predecessor-version":[{"id":181,"href":"https:\/\/cubic-design.fr\/index.php\/wp-json\/wp\/v2\/product\/179\/revisions\/181"}],"wp:featuredmedia":[{"embeddable":true,"href":"https:\/\/cubic-design.fr\/index.php\/wp-json\/wp\/v2\/media\/180"}],"wp:attachment":[{"href":"https:\/\/cubic-design.fr\/index.php\/wp-json\/wp\/v2\/media?parent=179"}],"curies":[{"name":"wp","href":"https:\/\/api.w.org\/{rel}","templated":true}]}}