{"id":19637,"date":"2023-11-27T17:40:39","date_gmt":"2023-11-27T16:40:39","guid":{"rendered":"https:\/\/cubic-design.fr\/?post_type=product&#038;p=19637"},"modified":"2023-11-27T17:41:39","modified_gmt":"2023-11-27T16:41:39","slug":"boucles-or-fleur-jaune","status":"publish","type":"product","link":"https:\/\/cubic-design.fr\/index.php\/produit\/boucles-or-fleur-jaune\/","title":{"rendered":"Boucles or fleur jaune"},"content":{"rendered":"<p>Boucles d&rsquo;oreilles origami avec crochet en or 14 carats en forme de fleur et r\u00e9alis\u00e9 dans du papier artisanal n\u00e9palais.<\/p>\n<p>Hauteur : 3,5cm<\/p>\n","protected":false},"excerpt":{"rendered":"<blockquote><p>&nbsp;<\/p><\/blockquote>\n","protected":false},"featured_media":19628,"template":"","meta":{"jetpack_publicize_message":"","jetpack_is_tweetstorm":false,"jetpack_publicize_feature_enabled":true,"jetpack_social_post_already_shared":true,"jetpack_social_options":{"image_generator_settings":{"template":"highway","enabled":false}}},"class_list":{"0":"post-19637","1":"product","2":"type-product","3":"status-publish","4":"has-post-thumbnail","6":"product_cat-boucles-doreilles-or","7":"product_tag-bijoux","8":"product_tag-boucles","9":"product_tag-dore","10":"product_tag-fleur","11":"product_tag-or","12":"product_tag-origami","14":"first","15":"instock","16":"taxable","17":"shipping-taxable","18":"purchasable","19":"product-type-simple"},"jetpack_publicize_connections":[],"jetpack_sharing_enabled":true,"_links":{"self":[{"href":"https:\/\/cubic-design.fr\/index.php\/wp-json\/wp\/v2\/product\/19637","targetHints":{"allow":["GET"]}}],"collection":[{"href":"https:\/\/cubic-design.fr\/index.php\/wp-json\/wp\/v2\/product"}],"about":[{"href":"https:\/\/cubic-design.fr\/index.php\/wp-json\/wp\/v2\/types\/product"}],"version-history":[{"count":1,"href":"https:\/\/cubic-design.fr\/index.php\/wp-json\/wp\/v2\/product\/19637\/revisions"}],"predecessor-version":[{"id":19638,"href":"https:\/\/cubic-design.fr\/index.php\/wp-json\/wp\/v2\/product\/19637\/revisions\/19638"}],"wp:featuredmedia":[{"embeddable":true,"href":"https:\/\/cubic-design.fr\/index.php\/wp-json\/wp\/v2\/media\/19628"}],"wp:attachment":[{"href":"https:\/\/cubic-design.fr\/index.php\/wp-json\/wp\/v2\/media?parent=19637"}],"curies":[{"name":"wp","href":"https:\/\/api.w.org\/{rel}","templated":true}]}}