{"id":19639,"date":"2023-11-27T17:42:00","date_gmt":"2023-11-27T16:42:00","guid":{"rendered":"https:\/\/cubic-design.fr\/?post_type=product&#038;p=19639"},"modified":"2023-11-27T17:42:51","modified_gmt":"2023-11-27T16:42:51","slug":"boucles-or-fleur-rouge","status":"publish","type":"product","link":"https:\/\/cubic-design.fr\/index.php\/produit\/boucles-or-fleur-rouge\/","title":{"rendered":"Boucles or fleur rouge"},"content":{"rendered":"<blockquote><p>Boucles d&rsquo;oreilles origami avec crochet en or 14 carats en forme de fleur et r\u00e9alis\u00e9 dans du papier artisanal n\u00e9palais.<\/p><\/blockquote>\n<p>Hauteur : 3,5cm<\/p>\n","protected":false},"excerpt":{"rendered":"<blockquote><p>&nbsp;<\/p><\/blockquote>\n","protected":false},"featured_media":19629,"template":"","meta":{"jetpack_publicize_message":"","jetpack_is_tweetstorm":false,"jetpack_publicize_feature_enabled":true,"jetpack_social_post_already_shared":true,"jetpack_social_options":{"image_generator_settings":{"template":"highway","enabled":false}}},"class_list":{"0":"post-19639","1":"product","2":"type-product","3":"status-publish","4":"has-post-thumbnail","6":"product_cat-boucles-doreilles-or","7":"product_tag-bijoux","8":"product_tag-boucles","9":"product_tag-dore","10":"product_tag-fleur","11":"product_tag-or","12":"product_tag-origami","14":"first","15":"instock","16":"taxable","17":"shipping-taxable","18":"purchasable","19":"product-type-simple"},"jetpack_publicize_connections":[],"jetpack_sharing_enabled":true,"_links":{"self":[{"href":"https:\/\/cubic-design.fr\/index.php\/wp-json\/wp\/v2\/product\/19639","targetHints":{"allow":["GET"]}}],"collection":[{"href":"https:\/\/cubic-design.fr\/index.php\/wp-json\/wp\/v2\/product"}],"about":[{"href":"https:\/\/cubic-design.fr\/index.php\/wp-json\/wp\/v2\/types\/product"}],"version-history":[{"count":1,"href":"https:\/\/cubic-design.fr\/index.php\/wp-json\/wp\/v2\/product\/19639\/revisions"}],"predecessor-version":[{"id":19640,"href":"https:\/\/cubic-design.fr\/index.php\/wp-json\/wp\/v2\/product\/19639\/revisions\/19640"}],"wp:featuredmedia":[{"embeddable":true,"href":"https:\/\/cubic-design.fr\/index.php\/wp-json\/wp\/v2\/media\/19629"}],"wp:attachment":[{"href":"https:\/\/cubic-design.fr\/index.php\/wp-json\/wp\/v2\/media?parent=19639"}],"curies":[{"name":"wp","href":"https:\/\/api.w.org\/{rel}","templated":true}]}}