{"id":19708,"date":"2023-11-28T15:45:47","date_gmt":"2023-11-28T14:45:47","guid":{"rendered":"https:\/\/cubic-design.fr\/?post_type=product&#038;p=19708"},"modified":"2023-11-28T15:47:55","modified_gmt":"2023-11-28T14:47:55","slug":"boucles-feuilles-violet","status":"publish","type":"product","link":"https:\/\/cubic-design.fr\/index.php\/produit\/boucles-feuilles-violet\/","title":{"rendered":"Boucles feuilles violet"},"content":{"rendered":"<p>Boucles d&rsquo;oreilles origami avec crochet en plaqu\u00e9 argent 925 en forme de feuille et r\u00e9alis\u00e9 dans du papier artisanal n\u00e9palais.<\/p>\n<blockquote><p>Hauteur : 6cm<\/p><\/blockquote>\n","protected":false},"excerpt":{"rendered":"<blockquote><p>&nbsp;<\/p><\/blockquote>\n","protected":false},"featured_media":19697,"template":"","meta":{"jetpack_publicize_message":"","jetpack_is_tweetstorm":false,"jetpack_publicize_feature_enabled":true,"jetpack_social_post_already_shared":true,"jetpack_social_options":{"image_generator_settings":{"template":"highway","enabled":false}}},"class_list":{"0":"post-19708","1":"product","2":"type-product","3":"status-publish","4":"has-post-thumbnail","6":"product_cat-boucles-doreilles-mini","7":"product_tag-bijoux","8":"product_tag-boucles","9":"product_tag-origami","11":"first","12":"instock","13":"taxable","14":"shipping-taxable","15":"purchasable","16":"product-type-simple"},"jetpack_publicize_connections":[],"jetpack_sharing_enabled":true,"_links":{"self":[{"href":"https:\/\/cubic-design.fr\/index.php\/wp-json\/wp\/v2\/product\/19708","targetHints":{"allow":["GET"]}}],"collection":[{"href":"https:\/\/cubic-design.fr\/index.php\/wp-json\/wp\/v2\/product"}],"about":[{"href":"https:\/\/cubic-design.fr\/index.php\/wp-json\/wp\/v2\/types\/product"}],"version-history":[{"count":1,"href":"https:\/\/cubic-design.fr\/index.php\/wp-json\/wp\/v2\/product\/19708\/revisions"}],"predecessor-version":[{"id":19713,"href":"https:\/\/cubic-design.fr\/index.php\/wp-json\/wp\/v2\/product\/19708\/revisions\/19713"}],"wp:featuredmedia":[{"embeddable":true,"href":"https:\/\/cubic-design.fr\/index.php\/wp-json\/wp\/v2\/media\/19697"}],"wp:attachment":[{"href":"https:\/\/cubic-design.fr\/index.php\/wp-json\/wp\/v2\/media?parent=19708"}],"curies":[{"name":"wp","href":"https:\/\/api.w.org\/{rel}","templated":true}]}}