{"id":353,"date":"2019-12-04T13:06:03","date_gmt":"2019-12-04T12:06:03","guid":{"rendered":"http:\/\/cubic-design.fr\/?post_type=product&#038;p=353"},"modified":"2023-11-27T18:29:25","modified_gmt":"2023-11-27T17:29:25","slug":"boucles-creoles-origami-violet-et-fleur-orange","status":"publish","type":"product","link":"https:\/\/cubic-design.fr\/index.php\/produit\/boucles-creoles-origami-violet-et-fleur-orange\/","title":{"rendered":"Boucles cr\u00e9oles origami violet et fleur orange"},"content":{"rendered":"","protected":false},"excerpt":{"rendered":"<p>Boucle origami en forme de grue r\u00e9alis\u00e9 dans du papier artisanal et mont\u00e9 sur un crochet en plaqu\u00e9 argent 925 pour \u00e9viter tout risque allergique et une cr\u00e9ole de 30mm et un pompom fait main.<\/p>\n","protected":false},"featured_media":354,"template":"","meta":{"jetpack_publicize_message":"","jetpack_is_tweetstorm":false,"jetpack_publicize_feature_enabled":true,"jetpack_social_post_already_shared":false,"jetpack_social_options":{"image_generator_settings":{"template":"highway","enabled":false}}},"class_list":{"0":"post-353","1":"product","2":"type-product","3":"status-publish","4":"has-post-thumbnail","6":"product_cat-boucles-doreilles-mini","7":"product_tag-bijoux","8":"product_tag-boucles","9":"product_tag-creole","10":"product_tag-grue","11":"product_tag-orange","12":"product_tag-oreilles","13":"product_tag-origami","14":"product_tag-pompom","15":"product_tag-violet","17":"first","18":"instock","19":"taxable","20":"shipping-taxable","21":"purchasable","22":"product-type-simple"},"jetpack_publicize_connections":[],"jetpack_sharing_enabled":true,"_links":{"self":[{"href":"https:\/\/cubic-design.fr\/index.php\/wp-json\/wp\/v2\/product\/353","targetHints":{"allow":["GET"]}}],"collection":[{"href":"https:\/\/cubic-design.fr\/index.php\/wp-json\/wp\/v2\/product"}],"about":[{"href":"https:\/\/cubic-design.fr\/index.php\/wp-json\/wp\/v2\/types\/product"}],"version-history":[{"count":1,"href":"https:\/\/cubic-design.fr\/index.php\/wp-json\/wp\/v2\/product\/353\/revisions"}],"predecessor-version":[{"id":355,"href":"https:\/\/cubic-design.fr\/index.php\/wp-json\/wp\/v2\/product\/353\/revisions\/355"}],"wp:featuredmedia":[{"embeddable":true,"href":"https:\/\/cubic-design.fr\/index.php\/wp-json\/wp\/v2\/media\/354"}],"wp:attachment":[{"href":"https:\/\/cubic-design.fr\/index.php\/wp-json\/wp\/v2\/media?parent=353"}],"curies":[{"name":"wp","href":"https:\/\/api.w.org\/{rel}","templated":true}]}}