{"id":356,"date":"2019-12-04T13:08:12","date_gmt":"2019-12-04T12:08:12","guid":{"rendered":"http:\/\/cubic-design.fr\/?post_type=product&#038;p=356"},"modified":"2023-11-27T18:29:23","modified_gmt":"2023-11-27T17:29:23","slug":"boucles-creoles-origami-violet-etoile","status":"publish","type":"product","link":"https:\/\/cubic-design.fr\/index.php\/produit\/boucles-creoles-origami-violet-etoile\/","title":{"rendered":"Boucles cr\u00e9oles origami violet \u00e9toil\u00e9"},"content":{"rendered":"","protected":false},"excerpt":{"rendered":"<p>Boucle origami en forme de grue r\u00e9alis\u00e9 dans du papier artisanal et mont\u00e9 sur un crochet en plaqu\u00e9 argent 925 pour \u00e9viter tout risque allergique et une cr\u00e9ole de 30mm et un pompom fait main.<\/p>\n","protected":false},"featured_media":357,"template":"","meta":{"jetpack_publicize_message":"","jetpack_is_tweetstorm":false,"jetpack_publicize_feature_enabled":true,"jetpack_social_post_already_shared":false,"jetpack_social_options":{"image_generator_settings":{"template":"highway","enabled":false}}},"class_list":{"0":"post-356","1":"product","2":"type-product","3":"status-publish","4":"has-post-thumbnail","6":"product_cat-boucles-doreilles-mini","7":"product_tag-bijoux","8":"product_tag-boucles","9":"product_tag-creole","10":"product_tag-grue","11":"product_tag-oreilles","12":"product_tag-origami","13":"product_tag-pompom","14":"product_tag-violet","16":"first","17":"outofstock","18":"taxable","19":"shipping-taxable","20":"purchasable","21":"product-type-simple"},"jetpack_publicize_connections":[],"jetpack_sharing_enabled":true,"_links":{"self":[{"href":"https:\/\/cubic-design.fr\/index.php\/wp-json\/wp\/v2\/product\/356","targetHints":{"allow":["GET"]}}],"collection":[{"href":"https:\/\/cubic-design.fr\/index.php\/wp-json\/wp\/v2\/product"}],"about":[{"href":"https:\/\/cubic-design.fr\/index.php\/wp-json\/wp\/v2\/types\/product"}],"version-history":[{"count":1,"href":"https:\/\/cubic-design.fr\/index.php\/wp-json\/wp\/v2\/product\/356\/revisions"}],"predecessor-version":[{"id":358,"href":"https:\/\/cubic-design.fr\/index.php\/wp-json\/wp\/v2\/product\/356\/revisions\/358"}],"wp:featuredmedia":[{"embeddable":true,"href":"https:\/\/cubic-design.fr\/index.php\/wp-json\/wp\/v2\/media\/357"}],"wp:attachment":[{"href":"https:\/\/cubic-design.fr\/index.php\/wp-json\/wp\/v2\/media?parent=356"}],"curies":[{"name":"wp","href":"https:\/\/api.w.org\/{rel}","templated":true}]}}