{"id":458,"date":"2020-10-31T11:12:58","date_gmt":"2020-10-31T10:12:58","guid":{"rendered":"https:\/\/cubic-design.fr\/?post_type=product&#038;p=458"},"modified":"2023-01-03T00:53:16","modified_gmt":"2023-01-02T23:53:16","slug":"mobile-10-grues-rouge","status":"publish","type":"product","link":"https:\/\/cubic-design.fr\/index.php\/produit\/mobile-10-grues-rouge\/","title":{"rendered":"Mobile 10 grues rouge"},"content":{"rendered":"<p>Mobile d\u00e9coratif avec 10 grues origami en papier n\u00e9palais dans les tons rouges et mont\u00e9s en d\u00e9grad\u00e9s de couleur.<\/p>\n<p>Dimensions : 25\/30cm de diam\u00e8tre x 60cm de hauteur environ<\/p>\n<p>Colis : emball\u00e9 dans une pochette plate<\/p>\n","protected":false},"excerpt":{"rendered":"<p>Mobile d\u00e9coratif avec 10 grues origami en papier n\u00e9palais dans les tons rouges et mont\u00e9s en d\u00e9grad\u00e9s de couleur.<\/p>\n<p>Dimensions : 25\/30cm de diam\u00e8tre x 60cm de hauteur environ<\/p>\n<p>Colis : emball\u00e9 dans une pochette plate<\/p>\n","protected":false},"featured_media":459,"template":"","meta":{"jetpack_publicize_message":"","jetpack_is_tweetstorm":false,"jetpack_publicize_feature_enabled":true,"jetpack_social_post_already_shared":true,"jetpack_social_options":{"image_generator_settings":{"template":"highway","enabled":false}}},"class_list":{"0":"post-458","1":"product","2":"type-product","3":"status-publish","4":"has-post-thumbnail","6":"product_cat-mobiles","8":"first","9":"instock","10":"taxable","11":"shipping-taxable","12":"purchasable","13":"product-type-simple"},"jetpack_publicize_connections":[],"jetpack_sharing_enabled":true,"_links":{"self":[{"href":"https:\/\/cubic-design.fr\/index.php\/wp-json\/wp\/v2\/product\/458","targetHints":{"allow":["GET"]}}],"collection":[{"href":"https:\/\/cubic-design.fr\/index.php\/wp-json\/wp\/v2\/product"}],"about":[{"href":"https:\/\/cubic-design.fr\/index.php\/wp-json\/wp\/v2\/types\/product"}],"version-history":[{"count":1,"href":"https:\/\/cubic-design.fr\/index.php\/wp-json\/wp\/v2\/product\/458\/revisions"}],"predecessor-version":[{"id":461,"href":"https:\/\/cubic-design.fr\/index.php\/wp-json\/wp\/v2\/product\/458\/revisions\/461"}],"wp:featuredmedia":[{"embeddable":true,"href":"https:\/\/cubic-design.fr\/index.php\/wp-json\/wp\/v2\/media\/459"}],"wp:attachment":[{"href":"https:\/\/cubic-design.fr\/index.php\/wp-json\/wp\/v2\/media?parent=458"}],"curies":[{"name":"wp","href":"https:\/\/api.w.org\/{rel}","templated":true}]}}