{"id":592,"date":"2020-11-06T11:48:14","date_gmt":"2020-11-06T10:48:14","guid":{"rendered":"https:\/\/cubic-design.fr\/?post_type=product&#038;p=592"},"modified":"2020-11-06T11:48:19","modified_gmt":"2020-11-06T10:48:19","slug":"mobile-50-grues-en-page-de-livre","status":"publish","type":"product","link":"https:\/\/cubic-design.fr\/index.php\/produit\/mobile-50-grues-en-page-de-livre\/","title":{"rendered":"Mobile 50 grues en page de livre"},"content":{"rendered":"<p>Mobile origami compos\u00e9 de 50 grues r\u00e9alis\u00e9es dans des pages de livres anciens. Dimensions : 15 x 70 cm environ<\/p>\n","protected":false},"excerpt":{"rendered":"<p>Mobile origami compos\u00e9 de 50 grues r\u00e9alis\u00e9es dans des pages de livres anciens. Dimensions : 15 x 70 cm environ<\/p>\n","protected":false},"featured_media":593,"template":"","meta":{"jetpack_publicize_message":"","jetpack_is_tweetstorm":false,"jetpack_publicize_feature_enabled":true,"jetpack_social_post_already_shared":true,"jetpack_social_options":{"image_generator_settings":{"template":"highway","enabled":false}}},"class_list":{"0":"post-592","1":"product","2":"type-product","3":"status-publish","4":"has-post-thumbnail","6":"product_cat-mobiles","8":"first","9":"instock","10":"taxable","11":"shipping-taxable","12":"purchasable","13":"product-type-simple"},"jetpack_publicize_connections":[],"jetpack_sharing_enabled":true,"_links":{"self":[{"href":"https:\/\/cubic-design.fr\/index.php\/wp-json\/wp\/v2\/product\/592","targetHints":{"allow":["GET"]}}],"collection":[{"href":"https:\/\/cubic-design.fr\/index.php\/wp-json\/wp\/v2\/product"}],"about":[{"href":"https:\/\/cubic-design.fr\/index.php\/wp-json\/wp\/v2\/types\/product"}],"version-history":[{"count":1,"href":"https:\/\/cubic-design.fr\/index.php\/wp-json\/wp\/v2\/product\/592\/revisions"}],"predecessor-version":[{"id":595,"href":"https:\/\/cubic-design.fr\/index.php\/wp-json\/wp\/v2\/product\/592\/revisions\/595"}],"wp:featuredmedia":[{"embeddable":true,"href":"https:\/\/cubic-design.fr\/index.php\/wp-json\/wp\/v2\/media\/593"}],"wp:attachment":[{"href":"https:\/\/cubic-design.fr\/index.php\/wp-json\/wp\/v2\/media?parent=592"}],"curies":[{"name":"wp","href":"https:\/\/api.w.org\/{rel}","templated":true}]}}