{"id":645,"date":"2020-11-07T11:05:07","date_gmt":"2020-11-07T10:05:07","guid":{"rendered":"https:\/\/cubic-design.fr\/?post_type=product&#038;p=645"},"modified":"2023-11-27T18:18:08","modified_gmt":"2023-11-27T17:18:08","slug":"boucles-clou-origami-grue-rouge-etoile","status":"publish","type":"product","link":"https:\/\/cubic-design.fr\/index.php\/produit\/boucles-clou-origami-grue-rouge-etoile\/","title":{"rendered":"Boucles clou origami Grue rouge \u00e9toil\u00e9"},"content":{"rendered":"<p>Boucle origami en forme de grue r\u00e9alis\u00e9 dans du papier artisanal et mont\u00e9 sur un clou en argent 925 pour \u00e9viter tout risque allergique.<\/p>\n","protected":false},"excerpt":{"rendered":"<p>Boucle origami en forme de grue r\u00e9alis\u00e9 dans du papier artisanal et mont\u00e9 sur un clou en argent 925 pour \u00e9viter tout risque allergique.<\/p>\n","protected":false},"featured_media":646,"template":"","meta":{"jetpack_publicize_message":"","jetpack_is_tweetstorm":false,"jetpack_publicize_feature_enabled":true,"jetpack_social_post_already_shared":true,"jetpack_social_options":{"image_generator_settings":{"template":"highway","enabled":false}}},"class_list":{"0":"post-645","1":"product","2":"type-product","3":"status-publish","4":"has-post-thumbnail","6":"product_cat-boucles-doreilles-mini","7":"product_tag-bijoux","8":"product_tag-boucles","9":"product_tag-grue","10":"product_tag-oreilles","11":"product_tag-origami","13":"first","14":"instock","15":"taxable","16":"shipping-taxable","17":"purchasable","18":"product-type-simple"},"jetpack_publicize_connections":[],"jetpack_sharing_enabled":true,"_links":{"self":[{"href":"https:\/\/cubic-design.fr\/index.php\/wp-json\/wp\/v2\/product\/645","targetHints":{"allow":["GET"]}}],"collection":[{"href":"https:\/\/cubic-design.fr\/index.php\/wp-json\/wp\/v2\/product"}],"about":[{"href":"https:\/\/cubic-design.fr\/index.php\/wp-json\/wp\/v2\/types\/product"}],"version-history":[{"count":1,"href":"https:\/\/cubic-design.fr\/index.php\/wp-json\/wp\/v2\/product\/645\/revisions"}],"predecessor-version":[{"id":647,"href":"https:\/\/cubic-design.fr\/index.php\/wp-json\/wp\/v2\/product\/645\/revisions\/647"}],"wp:featuredmedia":[{"embeddable":true,"href":"https:\/\/cubic-design.fr\/index.php\/wp-json\/wp\/v2\/media\/646"}],"wp:attachment":[{"href":"https:\/\/cubic-design.fr\/index.php\/wp-json\/wp\/v2\/media?parent=645"}],"curies":[{"name":"wp","href":"https:\/\/api.w.org\/{rel}","templated":true}]}}