{"id":7243,"date":"2022-08-09T22:57:29","date_gmt":"2022-08-09T20:57:29","guid":{"rendered":"https:\/\/cubic-design.fr\/?post_type=product&#038;p=7243"},"modified":"2023-11-27T17:29:50","modified_gmt":"2023-11-27T16:29:50","slug":"boucles-or-prisme-musique","status":"publish","type":"product","link":"https:\/\/cubic-design.fr\/index.php\/produit\/boucles-or-prisme-musique\/","title":{"rendered":"Boucles or prisme bordeaux"},"content":{"rendered":"<p>Boucles d&rsquo;oreilles origami avec crochet en or 14 carats en forme de prisme et r\u00e9alis\u00e9 dans du papier artisanal n\u00e9palais.<\/p>\n<p>Hauteur : 6,5cm<\/p>\n","protected":false},"excerpt":{"rendered":"<p>Boucles d&rsquo;oreilles origami avec crochet en or 14 carats en forme de prisme et r\u00e9alis\u00e9 dans du papier artisanal n\u00e9palais. Hauteur : 6,5cm<\/p>\n","protected":false},"featured_media":7246,"template":"","meta":{"jetpack_publicize_message":"","jetpack_is_tweetstorm":false,"jetpack_publicize_feature_enabled":true,"jetpack_social_post_already_shared":true,"jetpack_social_options":{"image_generator_settings":{"template":"highway","enabled":false}}},"class_list":{"0":"post-7243","1":"product","2":"type-product","3":"status-publish","4":"has-post-thumbnail","6":"product_cat-boucles-doreilles-or","7":"product_tag-bijoux","8":"product_tag-bordeaux","9":"product_tag-boucles","10":"product_tag-dore","11":"product_tag-or","12":"product_tag-origami","13":"product_tag-prisme","14":"product_tag-rouge","16":"first","17":"instock","18":"taxable","19":"shipping-taxable","20":"purchasable","21":"product-type-simple"},"jetpack_publicize_connections":[],"jetpack_sharing_enabled":true,"_links":{"self":[{"href":"https:\/\/cubic-design.fr\/index.php\/wp-json\/wp\/v2\/product\/7243","targetHints":{"allow":["GET"]}}],"collection":[{"href":"https:\/\/cubic-design.fr\/index.php\/wp-json\/wp\/v2\/product"}],"about":[{"href":"https:\/\/cubic-design.fr\/index.php\/wp-json\/wp\/v2\/types\/product"}],"version-history":[{"count":2,"href":"https:\/\/cubic-design.fr\/index.php\/wp-json\/wp\/v2\/product\/7243\/revisions"}],"predecessor-version":[{"id":7247,"href":"https:\/\/cubic-design.fr\/index.php\/wp-json\/wp\/v2\/product\/7243\/revisions\/7247"}],"wp:featuredmedia":[{"embeddable":true,"href":"https:\/\/cubic-design.fr\/index.php\/wp-json\/wp\/v2\/media\/7246"}],"wp:attachment":[{"href":"https:\/\/cubic-design.fr\/index.php\/wp-json\/wp\/v2\/media?parent=7243"}],"curies":[{"name":"wp","href":"https:\/\/api.w.org\/{rel}","templated":true}]}}