{"id":7250,"date":"2022-08-09T23:05:12","date_gmt":"2022-08-09T21:05:12","guid":{"rendered":"https:\/\/cubic-design.fr\/?post_type=product&#038;p=7250"},"modified":"2023-11-27T17:29:45","modified_gmt":"2023-11-27T16:29:45","slug":"boucles-or-prisme-rouge","status":"publish","type":"product","link":"https:\/\/cubic-design.fr\/index.php\/produit\/boucles-or-prisme-rouge\/","title":{"rendered":"Boucles or prisme rouge"},"content":{"rendered":"<p>Boucles d&rsquo;oreilles origami avec crochet en or 14 carats en forme de prisme et r\u00e9alis\u00e9 dans du papier artisanal n\u00e9palais.<\/p>\n<p>Hauteur : 6,5cm<\/p>\n","protected":false},"excerpt":{"rendered":"<p>Boucles d&rsquo;oreilles origami avec crochet en or 14 carats en forme de prisme et r\u00e9alis\u00e9 dans du papier artisanal n\u00e9palais. Hauteur : 6,5cm<\/p>\n","protected":false},"featured_media":7251,"template":"","meta":{"jetpack_publicize_message":"","jetpack_is_tweetstorm":false,"jetpack_publicize_feature_enabled":true,"jetpack_social_post_already_shared":true,"jetpack_social_options":{"image_generator_settings":{"template":"highway","enabled":false}}},"class_list":{"0":"post-7250","1":"product","2":"type-product","3":"status-publish","4":"has-post-thumbnail","6":"product_cat-boucles-doreilles-or","7":"product_tag-bijoux","8":"product_tag-boucles","9":"product_tag-dore","10":"product_tag-or","11":"product_tag-origami","12":"product_tag-prisme","13":"product_tag-rouge","15":"first","16":"instock","17":"taxable","18":"shipping-taxable","19":"purchasable","20":"product-type-simple"},"jetpack_publicize_connections":[],"jetpack_sharing_enabled":true,"_links":{"self":[{"href":"https:\/\/cubic-design.fr\/index.php\/wp-json\/wp\/v2\/product\/7250","targetHints":{"allow":["GET"]}}],"collection":[{"href":"https:\/\/cubic-design.fr\/index.php\/wp-json\/wp\/v2\/product"}],"about":[{"href":"https:\/\/cubic-design.fr\/index.php\/wp-json\/wp\/v2\/types\/product"}],"version-history":[{"count":2,"href":"https:\/\/cubic-design.fr\/index.php\/wp-json\/wp\/v2\/product\/7250\/revisions"}],"predecessor-version":[{"id":7253,"href":"https:\/\/cubic-design.fr\/index.php\/wp-json\/wp\/v2\/product\/7250\/revisions\/7253"}],"wp:featuredmedia":[{"embeddable":true,"href":"https:\/\/cubic-design.fr\/index.php\/wp-json\/wp\/v2\/media\/7251"}],"wp:attachment":[{"href":"https:\/\/cubic-design.fr\/index.php\/wp-json\/wp\/v2\/media?parent=7250"}],"curies":[{"name":"wp","href":"https:\/\/api.w.org\/{rel}","templated":true}]}}