{"id":7254,"date":"2022-08-09T23:09:43","date_gmt":"2022-08-09T21:09:43","guid":{"rendered":"https:\/\/cubic-design.fr\/?post_type=product&#038;p=7254"},"modified":"2023-11-27T17:29:42","modified_gmt":"2023-11-27T16:29:42","slug":"boucles-or-prisme-turquoise","status":"publish","type":"product","link":"https:\/\/cubic-design.fr\/index.php\/produit\/boucles-or-prisme-turquoise\/","title":{"rendered":"Boucles or prisme turquoise"},"content":{"rendered":"<p>Boucles d&rsquo;oreilles origami avec crochet en or 14 carats en forme de prisme et r\u00e9alis\u00e9 dans du papier artisanal n\u00e9palais.<\/p>\n<p>Hauteur : 6,5cm<\/p>\n","protected":false},"excerpt":{"rendered":"<p>Boucles d&rsquo;oreilles origami avec crochet en or 14 carats en forme de prisme et r\u00e9alis\u00e9 dans du papier artisanal n\u00e9palais. Hauteur : 6,5cm<\/p>\n","protected":false},"featured_media":7256,"template":"","meta":{"jetpack_publicize_message":"","jetpack_is_tweetstorm":false,"jetpack_publicize_feature_enabled":true,"jetpack_social_post_already_shared":true,"jetpack_social_options":{"image_generator_settings":{"template":"highway","enabled":false}}},"class_list":{"0":"post-7254","1":"product","2":"type-product","3":"status-publish","4":"has-post-thumbnail","6":"product_cat-boucles-doreilles-or","7":"product_tag-bijoux","8":"product_tag-bleu","9":"product_tag-boucles","10":"product_tag-dore","11":"product_tag-or","12":"product_tag-origami","13":"product_tag-prisme","14":"product_tag-turquoise","16":"first","17":"instock","18":"taxable","19":"shipping-taxable","20":"purchasable","21":"product-type-simple"},"jetpack_publicize_connections":[],"jetpack_sharing_enabled":true,"_links":{"self":[{"href":"https:\/\/cubic-design.fr\/index.php\/wp-json\/wp\/v2\/product\/7254","targetHints":{"allow":["GET"]}}],"collection":[{"href":"https:\/\/cubic-design.fr\/index.php\/wp-json\/wp\/v2\/product"}],"about":[{"href":"https:\/\/cubic-design.fr\/index.php\/wp-json\/wp\/v2\/types\/product"}],"version-history":[{"count":1,"href":"https:\/\/cubic-design.fr\/index.php\/wp-json\/wp\/v2\/product\/7254\/revisions"}],"predecessor-version":[{"id":7257,"href":"https:\/\/cubic-design.fr\/index.php\/wp-json\/wp\/v2\/product\/7254\/revisions\/7257"}],"wp:featuredmedia":[{"embeddable":true,"href":"https:\/\/cubic-design.fr\/index.php\/wp-json\/wp\/v2\/media\/7256"}],"wp:attachment":[{"href":"https:\/\/cubic-design.fr\/index.php\/wp-json\/wp\/v2\/media?parent=7254"}],"curies":[{"name":"wp","href":"https:\/\/api.w.org\/{rel}","templated":true}]}}