{"id":7280,"date":"2022-08-10T09:31:15","date_gmt":"2022-08-10T07:31:15","guid":{"rendered":"https:\/\/cubic-design.fr\/?post_type=product&#038;p=7280"},"modified":"2023-11-27T17:29:29","modified_gmt":"2023-11-27T16:29:29","slug":"boucles-or-prisme-violet-clair","status":"publish","type":"product","link":"https:\/\/cubic-design.fr\/index.php\/produit\/boucles-or-prisme-violet-clair\/","title":{"rendered":"Boucles or prisme violet clair"},"content":{"rendered":"<p>Boucles d&rsquo;oreilles origami avec crochet en or 14 carats en forme de prisme et r\u00e9alis\u00e9 dans du papier artisanal n\u00e9palais.<\/p>\n<p>Hauteur : 6,5cm<\/p>\n","protected":false},"excerpt":{"rendered":"<p>Boucles d&rsquo;oreilles origami avec crochet en or 14 carats en forme de prisme et r\u00e9alis\u00e9 dans du papier artisanal n\u00e9palais. Hauteur : 6,5cm<\/p>\n","protected":false},"featured_media":7281,"template":"","meta":{"jetpack_publicize_message":"","jetpack_is_tweetstorm":false,"jetpack_publicize_feature_enabled":true,"jetpack_social_post_already_shared":true,"jetpack_social_options":{"image_generator_settings":{"template":"highway","enabled":false}}},"class_list":{"0":"post-7280","1":"product","2":"type-product","3":"status-publish","4":"has-post-thumbnail","6":"product_cat-boucles-doreilles-or","7":"product_tag-bijoux","8":"product_tag-boucles","9":"product_tag-dore","10":"product_tag-or","11":"product_tag-origami","12":"product_tag-prisme","13":"product_tag-violet","15":"first","16":"instock","17":"taxable","18":"shipping-taxable","19":"purchasable","20":"product-type-simple"},"jetpack_publicize_connections":[],"jetpack_sharing_enabled":true,"_links":{"self":[{"href":"https:\/\/cubic-design.fr\/index.php\/wp-json\/wp\/v2\/product\/7280","targetHints":{"allow":["GET"]}}],"collection":[{"href":"https:\/\/cubic-design.fr\/index.php\/wp-json\/wp\/v2\/product"}],"about":[{"href":"https:\/\/cubic-design.fr\/index.php\/wp-json\/wp\/v2\/types\/product"}],"version-history":[{"count":1,"href":"https:\/\/cubic-design.fr\/index.php\/wp-json\/wp\/v2\/product\/7280\/revisions"}],"predecessor-version":[{"id":7282,"href":"https:\/\/cubic-design.fr\/index.php\/wp-json\/wp\/v2\/product\/7280\/revisions\/7282"}],"wp:featuredmedia":[{"embeddable":true,"href":"https:\/\/cubic-design.fr\/index.php\/wp-json\/wp\/v2\/media\/7281"}],"wp:attachment":[{"href":"https:\/\/cubic-design.fr\/index.php\/wp-json\/wp\/v2\/media?parent=7280"}],"curies":[{"name":"wp","href":"https:\/\/api.w.org\/{rel}","templated":true}]}}